{"id":1481,"date":"2024-05-24T02:18:51","date_gmt":"2024-05-24T02:18:51","guid":{"rendered":"https:\/\/alcagadir.org\/programmes\/"},"modified":"2026-04-11T07:08:21","modified_gmt":"2026-04-11T07:08:21","slug":"programmes","status":"publish","type":"page","link":"https:\/\/alcagadir.org\/fr\/programmes\/","title":{"rendered":"Programmes"},"content":{"rendered":"\t\t<div data-elementor-type=\"wp-page\" data-elementor-id=\"1481\" class=\"elementor elementor-1481 elementor-32\">\n\t\t\t\t<div class=\"elementor-element elementor-element-54cb738 e-flex e-con-boxed e-con e-parent\" data-id=\"54cb738\" data-element_type=\"container\" data-e-type=\"container\" data-settings=\"{&quot;background_background&quot;:&quot;classic&quot;}\">\n\t\t\t\t\t<div class=\"e-con-inner\">\n\t\t<div class=\"elementor-element elementor-element-50252de e-con-full e-flex e-con e-child\" data-id=\"50252de\" data-element_type=\"container\" data-e-type=\"container\">\n\t\t\t\t<div class=\"elementor-element elementor-element-4f58d49 elementor-widget elementor-widget-gva-heading-block\" data-id=\"4f58d49\" data-element_type=\"widget\" data-e-type=\"widget\" data-widget_type=\"gva-heading-block.default\">\n\t\t\t\t<div class=\"elementor-widget-container\">\n\t\t\t\t\t<div class=\"gva-element-gva-heading-block gva-element\">   <div class=\"align-left style-4 widget gsc-heading box-align-left auto-responsive\">\r\n      <div class=\"content-inner\">\r\n         \r\n                  \r\n         <div class=\"sub-title sub-1\"><span class=\"tagline\">Nos programmes<\/span><\/div>  \r\n         \r\n                     <h2 class=\"title\">\r\n               <span>Programme Adultes<\/span>\r\n            <\/h2>\r\n                  \r\n         \r\n         \r\n      <\/div>\r\n   <\/div>\r\n<\/div>\t\t\t\t<\/div>\n\t\t\t\t<\/div>\n\t\t\t\t<\/div>\n\t\t<div class=\"elementor-element elementor-element-ba6c034 e-con-full e-flex e-con e-child\" data-id=\"ba6c034\" data-element_type=\"container\" data-e-type=\"container\">\n\t\t\t\t<div class=\"elementor-element elementor-element-c59b4a6 elementor-widget elementor-widget-text-editor\" data-id=\"c59b4a6\" data-element_type=\"widget\" data-e-type=\"widget\" data-widget_type=\"text-editor.default\">\n\t\t\t\t\t\t\t\t\t<p>Notre programme pour adultes est con\u00e7u pour aider les apprenants \u00e0 am\u00e9liorer leurs comp\u00e9tences en expression orale, compr\u00e9hension orale, lecture et \u00e9criture de mani\u00e8re structur\u00e9e.<\/p>\t\t\t\t\t\t\t\t<\/div>\n\t\t\t\t<div class=\"elementor-element elementor-element-91eecc7 elementor-icon-list--layout-traditional elementor-list-item-link-full_width elementor-widget elementor-widget-icon-list\" data-id=\"91eecc7\" data-element_type=\"widget\" data-e-type=\"widget\" data-widget_type=\"icon-list.default\">\n\t\t\t\t\t\t\t<ul class=\"elementor-icon-list-items\">\n\t\t\t\t\t\t\t<li class=\"elementor-icon-list-item\">\n\t\t\t\t\t\t\t\t\t\t\t<span class=\"elementor-icon-list-icon\">\n\t\t\t\t\t\t\t<i aria-hidden=\"true\" class=\"fas fa-check\"><\/i>\t\t\t\t\t\t<\/span>\n\t\t\t\t\t\t\t\t\t\t<span class=\"elementor-icon-list-text\">3 trimestres par an<\/span>\n\t\t\t\t\t\t\t\t\t<\/li>\n\t\t\t\t\t\t\t\t<li class=\"elementor-icon-list-item\">\n\t\t\t\t\t\t\t\t\t\t\t<span class=\"elementor-icon-list-icon\">\n\t\t\t\t\t\t\t<i aria-hidden=\"true\" class=\"fas fa-check\"><\/i>\t\t\t\t\t\t<\/span>\n\t\t\t\t\t\t\t\t\t\t<span class=\"elementor-icon-list-text\">Chaque trimestre : 10 semaines <\/span>\n\t\t\t\t\t\t\t\t\t<\/li>\n\t\t\t\t\t\t\t\t<li class=\"elementor-icon-list-item\">\n\t\t\t\t\t\t\t\t\t\t\t<span class=\"elementor-icon-list-icon\">\n\t\t\t\t\t\t\t<i aria-hidden=\"true\" class=\"fas fa-check\"><\/i>\t\t\t\t\t\t<\/span>\n\t\t\t\t\t\t\t\t\t\t<span class=\"elementor-icon-list-text\">Niveaux : D\u00e9butant \u2013 Interm\u00e9diaire \u2013 Avanc\u00e9<\/span>\n\t\t\t\t\t\t\t\t\t<\/li>\n\t\t\t\t\t\t\t\t<li class=\"elementor-icon-list-item\">\n\t\t\t\t\t\t\t\t\t\t<span class=\"elementor-icon-list-text\">Ce programme met l'accent sur la fluidit\u00e9, la pr\u00e9cision grammaticale et la communication en situation r\u00e9elle.<\/span>\n\t\t\t\t\t\t\t\t\t<\/li>\n\t\t\t\t\t\t<\/ul>\n\t\t\t\t\t\t<\/div>\n\t\t\t\t<\/div>\n\t\t\t\t\t<\/div>\n\t\t\t\t<\/div>\n\t\t<div class=\"elementor-element elementor-element-646bb5d6 e-flex e-con-boxed e-con e-parent\" data-id=\"646bb5d6\" data-element_type=\"container\" data-e-type=\"container\" data-settings=\"{&quot;background_background&quot;:&quot;classic&quot;}\">\n\t\t\t\t\t<div class=\"e-con-inner\">\n\t\t<div class=\"elementor-element elementor-element-63bdce5f e-flex e-con-boxed e-con e-child\" data-id=\"63bdce5f\" data-element_type=\"container\" data-e-type=\"container\">\n\t\t\t\t\t<div class=\"e-con-inner\">\n\t\t<div class=\"elementor-element elementor-element-24969368 e-con-full e-flex e-con e-child\" data-id=\"24969368\" data-element_type=\"container\" data-e-type=\"container\">\n\t\t\t\t<div class=\"elementor-element elementor-element-7317586f elementor-widget elementor-widget-gva-features-block\" data-id=\"7317586f\" data-element_type=\"widget\" data-e-type=\"widget\" data-widget_type=\"gva-features-block.default\">\n\t\t\t\t<div class=\"elementor-widget-container\">\n\t\t\t\t\t<div class=\"gva-element-gva-features-block gva-element\">\r\n\r\n\r\n\r\n<div class=\"feature-three__single\"><div class=\"feature-three__wrapper\"><div class=\"feature-three__content\"><div class=\"feature-three__icon\"><i aria-hidden=\"true\" class=\" wicon-student-2\"><\/i><\/div><h3 class=\"feature-three__title\">Programme Juniors &amp; Enfants<\/h3><div class=\"feature-three__desc\">Notre programme Juniors et Enfants offre une base solide en anglais gr\u00e2ce \u00e0 des m\u00e9thodes d'apprentissage interactives et ludiques.<br>\u2022 Programme d'une ann\u00e9e scolaire<br>\u2022 Groupes adapt\u00e9s \u00e0 l'\u00e2ge et au niveau\n\n<\/div><\/div><div class=\"feature-three__image\"><\/div><\/div><\/div><\/div>\t\t\t\t<\/div>\n\t\t\t\t<\/div>\n\t\t\t\t<\/div>\n\t\t<div class=\"elementor-element elementor-element-68571918 e-con-full e-flex e-con e-child\" data-id=\"68571918\" data-element_type=\"container\" data-e-type=\"container\">\n\t\t\t\t<div class=\"elementor-element elementor-element-66f771bd elementor-widget elementor-widget-gva-features-block\" data-id=\"66f771bd\" data-element_type=\"widget\" data-e-type=\"widget\" data-widget_type=\"gva-features-block.default\">\n\t\t\t\t<div class=\"elementor-widget-container\">\n\t\t\t\t\t<div class=\"gva-element-gva-features-block gva-element\">\r\n\r\n\r\n\r\n<div class=\"feature-three__single active\"><div class=\"feature-three__wrapper\"><div class=\"feature-three__content\"><div class=\"feature-three__icon\"><i aria-hidden=\"true\" class=\" wicon-book-1\"><\/i><\/div><h3 class=\"feature-three__title\">Cours priv\u00e9s<\/h3><div class=\"feature-three__desc\">Nous proposons des cours individuels personnalis\u00e9s, adapt\u00e9s \u00e0 vos besoins sp\u00e9cifiques.<br>\u2022 Horaire flexible<br>\u2022 Plan d'apprentissage personnalis\u00e9<br>\u2022 Am\u00e9lioration intensive<br>\u2022 Disponible pour tous les niveaux<br>Id\u00e9al pour les \u00e9tudiants qui ont besoin de progr\u00e8s rapides ou d'un d\u00e9veloppement de comp\u00e9tences sp\u00e9cifiques.\n<\/div><\/div><div class=\"feature-three__image\"><\/div><\/div><\/div><\/div>\t\t\t\t<\/div>\n\t\t\t\t<\/div>\n\t\t\t\t<\/div>\n\t\t<div class=\"elementor-element elementor-element-2f994720 e-con-full e-flex e-con e-child\" data-id=\"2f994720\" data-element_type=\"container\" data-e-type=\"container\">\n\t\t\t\t<div class=\"elementor-element elementor-element-7e5b39db elementor-widget elementor-widget-gva-features-block\" data-id=\"7e5b39db\" data-element_type=\"widget\" data-e-type=\"widget\" data-widget_type=\"gva-features-block.default\">\n\t\t\t\t<div class=\"elementor-widget-container\">\n\t\t\t\t\t<div class=\"gva-element-gva-features-block gva-element\">\r\n\r\n\r\n\r\n<div class=\"feature-three__single\"><div class=\"feature-three__wrapper\"><div class=\"feature-three__content\"><div class=\"feature-three__icon\"><i aria-hidden=\"true\" class=\" wicon-consulting\"><\/i><\/div><h3 class=\"feature-three__title\">Pr\u00e9paration au TOEFL<\/h3><div class=\"feature-three__desc\">Nous proposons des cours individuels personnalis\u00e9s, adapt\u00e9s \u00e0 vos besoins sp\u00e9cifiques.<br>\u2022 Horaire flexible<br>\u2022 Plan d'apprentissage personnalis\u00e9<br>\u2022 Am\u00e9lioration intensive<br>\u2022 Disponible pour tous les niveaux<br>Id\u00e9al pour les \u00e9tudiants qui ont besoin de progr\u00e8s rapides ou d'un d\u00e9veloppement de comp\u00e9tences sp\u00e9cifiques.\n<\/div><\/div><div class=\"feature-three__image\"><\/div><\/div><\/div><\/div>\t\t\t\t<\/div>\n\t\t\t\t<\/div>\n\t\t\t\t<\/div>\n\t\t\t\t\t<\/div>\n\t\t\t\t<\/div>\n\t\t<div class=\"elementor-element elementor-element-dd2bbab e-con-full e-flex e-con e-child\" data-id=\"dd2bbab\" data-element_type=\"container\" data-e-type=\"container\">\n\t\t<div class=\"elementor-element elementor-element-747a03d0 e-con-full e-flex e-con e-child\" data-id=\"747a03d0\" data-element_type=\"container\" data-e-type=\"container\">\n\t\t\t\t<div class=\"elementor-element elementor-element-26b3fa2d elementor-widget elementor-widget-gva-features-block\" data-id=\"26b3fa2d\" data-element_type=\"widget\" data-e-type=\"widget\" data-widget_type=\"gva-features-block.default\">\n\t\t\t\t<div class=\"elementor-widget-container\">\n\t\t\t\t\t<div class=\"gva-element-gva-features-block gva-element\">\r\n\r\n\r\n\r\n<div class=\"feature-three__single\"><div class=\"feature-three__wrapper\"><div class=\"feature-three__content\"><div class=\"feature-three__icon\"><i aria-hidden=\"true\" class=\" wicon-professor\"><\/i><\/div><h3 class=\"feature-three__title\">Pr\u00e9paration \u00e0 l'IELTS<\/h3><div class=\"feature-three__desc\">\u2022 Strat\u00e9gies pour le score de bande<br>\u2022 Pratique de l'expression orale avec feedback<br>\u2022 Correction des t\u00e2ches d'\u00e9criture<br>\u2022 Tests pratiques dans des conditions r\u00e9elles<br>Notre objectif est de vous aider \u00e0 atteindre votre score cible en toute confiance\n<\/div><\/div><div class=\"feature-three__image\"><\/div><\/div><\/div><\/div>\t\t\t\t<\/div>\n\t\t\t\t<\/div>\n\t\t\t\t<\/div>\n\t\t<div class=\"elementor-element elementor-element-220362e2 e-con-full e-flex e-con e-child\" data-id=\"220362e2\" data-element_type=\"container\" data-e-type=\"container\">\n\t\t\t\t<div class=\"elementor-element elementor-element-1c0ba8da elementor-widget elementor-widget-gva-features-block\" data-id=\"1c0ba8da\" data-element_type=\"widget\" data-e-type=\"widget\" data-widget_type=\"gva-features-block.default\">\n\t\t\t\t<div class=\"elementor-widget-container\">\n\t\t\t\t\t<div class=\"gva-element-gva-features-block gva-element\">\r\n\r\n\r\n\r\n<div class=\"feature-three__single active\"><div class=\"feature-three__wrapper\"><div class=\"feature-three__content\"><div class=\"feature-three__icon\"><i aria-hidden=\"true\" class=\" wicon-customer-behavior\"><\/i><\/div><h3 class=\"feature-three__title\">Anglais des affaires<\/h3><div class=\"feature-three__desc\">\u2022 R\u00e9daction d'e-mails professionnels<br>\u2022 Comp\u00e9tences de pr\u00e9sentation<br>\u2022 Communication en r\u00e9union<br>\u2022 Pr\u00e9paration aux entretiens d'embauche<br>\u2022 Vocabulaire des affaires<br>D\u00e9veloppez votre confiance dans les environnements professionnels anglophones.\n\n<\/div><\/div><div class=\"feature-three__image\"><\/div><\/div><\/div><\/div>\t\t\t\t<\/div>\n\t\t\t\t<\/div>\n\t\t\t\t<\/div>\n\t\t<div class=\"elementor-element elementor-element-122ae626 e-con-full e-flex e-con e-child\" data-id=\"122ae626\" data-element_type=\"container\" data-e-type=\"container\">\n\t\t\t\t<div class=\"elementor-element elementor-element-51976018 elementor-widget elementor-widget-gva-features-block\" data-id=\"51976018\" data-element_type=\"widget\" data-e-type=\"widget\" data-widget_type=\"gva-features-block.default\">\n\t\t\t\t<div class=\"elementor-widget-container\">\n\t\t\t\t\t<div class=\"gva-element-gva-features-block gva-element\">\r\n\r\n\r\n\r\n<div class=\"feature-three__single\"><div class=\"feature-three__wrapper\"><div class=\"feature-three__content\"><div class=\"feature-three__icon\"><i aria-hidden=\"true\" class=\" wicon-diploma\"><\/i><\/div><h3 class=\"feature-three__title\">Pr\u00e9paration aux examens<\/h3><div class=\"feature-three__desc\">\nNous proposons des cours de pr\u00e9paration sp\u00e9cialis\u00e9s pour les examens internationaux :\n<\/div><\/div><div class=\"feature-three__image\"><\/div><\/div><\/div><\/div>\t\t\t\t<\/div>\n\t\t\t\t<\/div>\n\t\t\t\t<\/div>\n\t\t\t\t<\/div>\n\t\t\t\t\t<\/div>\n\t\t\t\t<\/div>\n\t\t<div class=\"elementor-element elementor-element-160a333f e-flex e-con-boxed e-con e-parent\" data-id=\"160a333f\" data-element_type=\"container\" data-e-type=\"container\">\n\t\t\t\t\t<div class=\"e-con-inner\">\n\t\t<div class=\"elementor-element elementor-element-11893555 e-con-full e-flex e-con e-child\" data-id=\"11893555\" data-element_type=\"container\" data-e-type=\"container\">\n\t\t\t\t<div class=\"elementor-element elementor-element-6eab255d elementor-widget elementor-widget-gva-heading-block\" data-id=\"6eab255d\" data-element_type=\"widget\" data-e-type=\"widget\" data-widget_type=\"gva-heading-block.default\">\n\t\t\t\t<div class=\"elementor-widget-container\">\n\t\t\t\t\t<div class=\"gva-element-gva-heading-block gva-element\">   <div class=\"align-center style-1 widget gsc-heading box-align-center auto-responsive\">\r\n      <div class=\"content-inner\">\r\n         \r\n                  \r\n         <div class=\"sub-title sub-3\"><span class=\"tagline\">Plans d&#039;apprentissage abordables<\/span><\/div>  \r\n         \r\n                     <h2 class=\"title\">\r\n               <span>Tarifs<\/span>\r\n            <\/h2>\r\n                  \r\n         \r\n         \r\n      <\/div>\r\n   <\/div>\r\n<\/div>\t\t\t\t<\/div>\n\t\t\t\t<\/div>\n\t\t\t\t<div class=\"elementor-element elementor-element-e1bf10a elementor-widget__width-initial elementor-widget elementor-widget-gva-pricing-block\" data-id=\"e1bf10a\" data-element_type=\"widget\" data-e-type=\"widget\" data-widget_type=\"gva-pricing-block.default\">\n\t\t\t\t<div class=\"elementor-widget-container\">\n\t\t\t\t\t<div class=\"gva-element-gva-pricing-block gva-element\"> <div class=\"gsc-pricing pricing-one__single\">\r\n      <div class=\"pricing-one__content-inner\">\r\n      <div class=\"pricing-one__icon\"><i aria-hidden=\"true\" class=\"fas fa-money-check\"><\/i><\/div>               <div class=\"pricing-one__month\">\r\n            Premier versement         <\/div>\r\n                  \r\n\r\n      <div class=\"pricing-one__price-wrap\">\r\n         <div class=\"plan-price-inner clearfix\">\r\n            <span class=\"currency\">MAD<\/span>\r\n            <span class=\"price\">100<\/span>\r\n               \r\n         <\/div>\r\n               <\/div>\r\n      \r\n      \r\n               <ul class=\"pricing-one__plan-list\">\r\n                           <li class=\"active\">\r\n                  <span class=\"text\">Programme Adultes (par trimestre \/ 30H) : 1 300 MAD<\/span>\r\n               <\/li>  \r\n                           <li class=\"active\">\r\n                  <span class=\"text\">Programme Juniors (ann\u00e9e compl\u00e8te \/ 60 H) : 2 600 MAD<\/span>\r\n               <\/li>  \r\n                           <li class=\"active\">\r\n                  <span class=\"text\">Cours priv\u00e9s (par heure \/ 1 H) : 300 MAD<\/span>\r\n               <\/li>  \r\n                           <li class=\"active\">\r\n                  <span class=\"text\">Pr\u00e9paration \u00e0 l'IELTS : 1 300 MAD<\/span>\r\n               <\/li>  \r\n                           <li class=\"active\">\r\n                  <span class=\"text\">Pr\u00e9paration au TOEFL : 2 000 MAD<\/span>\r\n               <\/li>  \r\n                           <li class=\"active\">\r\n                  <span class=\"text\">Test de placement : 100 MAD<\/span>\r\n               <\/li>  \r\n                     <\/ul>\r\n         \r\n         <\/div>\r\n<\/div>\r\n\r\n\r\n\r\n<\/div>\t\t\t\t<\/div>\n\t\t\t\t<\/div>\n\t\t\t\t<\/div>\n\t\t\t\t\t<\/div>\n\t\t\t\t<\/div>\n\t\t\t\t<\/div>\n\t\t","protected":false},"excerpt":{"rendered":"<p>Nos programmes Programme Adultes Notre programme pour adultes est con\u00e7u pour aider les apprenants \u00e0 am\u00e9liorer leurs comp\u00e9tences en expression orale, compr\u00e9hension orale, lecture et \u00e9criture de mani\u00e8re structur\u00e9e. 3 [&hellip;]<\/p>\n","protected":false},"author":1,"featured_media":0,"parent":0,"menu_order":0,"comment_status":"closed","ping_status":"closed","template":"","meta":{"footnotes":""},"class_list":["post-1481","page","type-page","status-publish","hentry"],"_links":{"self":[{"href":"https:\/\/alcagadir.org\/fr\/wp-json\/wp\/v2\/pages\/1481","targetHints":{"allow":["GET"]}}],"collection":[{"href":"https:\/\/alcagadir.org\/fr\/wp-json\/wp\/v2\/pages"}],"about":[{"href":"https:\/\/alcagadir.org\/fr\/wp-json\/wp\/v2\/types\/page"}],"author":[{"embeddable":true,"href":"https:\/\/alcagadir.org\/fr\/wp-json\/wp\/v2\/users\/1"}],"replies":[{"embeddable":true,"href":"https:\/\/alcagadir.org\/fr\/wp-json\/wp\/v2\/comments?post=1481"}],"version-history":[{"count":1,"href":"https:\/\/alcagadir.org\/fr\/wp-json\/wp\/v2\/pages\/1481\/revisions"}],"predecessor-version":[{"id":1484,"href":"https:\/\/alcagadir.org\/fr\/wp-json\/wp\/v2\/pages\/1481\/revisions\/1484"}],"wp:attachment":[{"href":"https:\/\/alcagadir.org\/fr\/wp-json\/wp\/v2\/media?parent=1481"}],"curies":[{"name":"wp","href":"https:\/\/api.w.org\/{rel}","templated":true}]}}