{"id":1478,"date":"2024-05-24T02:20:05","date_gmt":"2024-05-24T02:20:05","guid":{"rendered":"https:\/\/alcagadir.org\/clubs\/"},"modified":"2026-04-11T07:08:21","modified_gmt":"2026-04-11T07:08:21","slug":"clubs","status":"publish","type":"page","link":"https:\/\/alcagadir.org\/fr\/clubs\/","title":{"rendered":"Clubs"},"content":{"rendered":"\t\t<div data-elementor-type=\"wp-page\" data-elementor-id=\"1478\" class=\"elementor elementor-1478 elementor-40\">\n\t\t\t\t<div class=\"elementor-element elementor-element-70258a7 e-flex e-con-boxed e-con e-parent\" data-id=\"70258a7\" data-element_type=\"container\" data-e-type=\"container\">\n\t\t\t\t\t<div class=\"e-con-inner\">\n\t\t<div class=\"elementor-element elementor-element-6f3aebf e-con-full e-flex e-con e-child\" data-id=\"6f3aebf\" data-element_type=\"container\" data-e-type=\"container\">\n\t\t\t\t<div class=\"elementor-element elementor-element-eb62344 elementor-widget elementor-widget-gva-heading-block\" data-id=\"eb62344\" data-element_type=\"widget\" data-e-type=\"widget\" data-widget_type=\"gva-heading-block.default\">\n\t\t\t\t<div class=\"elementor-widget-container\">\n\t\t\t\t\t<div class=\"gva-element-gva-heading-block gva-element\">   <div class=\"align-center style-4 widget gsc-heading box-align-center auto-responsive\">\r\n      <div class=\"content-inner\">\r\n         \r\n                  \r\n         <div class=\"sub-title sub-3\"><span class=\"tagline\">Clubs<\/span><\/div>  \r\n         \r\n                     <h2 class=\"title\">\r\n               <span>Clubs d\u2019anglais<\/span>\r\n            <\/h2>\r\n                  \r\n                     <div class=\"title-desc\">&Agrave; l&rsquo;American Center Agadir, l&rsquo;apprentissage va au-del&agrave; de la salle de classe. Nos clubs offrent aux &eacute;tudiants des occasions de pratiquer l&rsquo;anglais dans des situations r&eacute;elles. <\/div>\r\n         \r\n         \r\n      <\/div>\r\n   <\/div>\r\n<\/div>\t\t\t\t<\/div>\n\t\t\t\t<\/div>\n\t\t\t\t<\/div>\n\t\t\t\t\t<\/div>\n\t\t\t\t<\/div>\n\t\t<div class=\"elementor-element elementor-element-224dc3b4 e-flex e-con-boxed e-con e-parent\" data-id=\"224dc3b4\" data-element_type=\"container\" data-e-type=\"container\" data-settings=\"{&quot;background_background&quot;:&quot;classic&quot;}\">\n\t\t\t\t\t<div class=\"e-con-inner\">\n\t\t<div class=\"elementor-element elementor-element-35a6f58b e-flex e-con-boxed e-con e-child\" data-id=\"35a6f58b\" data-element_type=\"container\" data-e-type=\"container\">\n\t\t\t\t\t<div class=\"e-con-inner\">\n\t\t<div class=\"elementor-element elementor-element-19912061 e-con-full e-flex e-con e-child\" data-id=\"19912061\" data-element_type=\"container\" data-e-type=\"container\">\n\t\t\t\t<div class=\"elementor-element elementor-element-3c21adc4 elementor-widget elementor-widget-gva-features-block\" data-id=\"3c21adc4\" data-element_type=\"widget\" data-e-type=\"widget\" data-widget_type=\"gva-features-block.default\">\n\t\t\t\t<div class=\"elementor-widget-container\">\n\t\t\t\t\t<div class=\"gva-element-gva-features-block gva-element\">\r\n\r\n\r\n\r\n<div class=\"feature-three__single\"><div class=\"feature-three__wrapper\"><div class=\"feature-three__content\"><div class=\"feature-three__icon\"><i aria-hidden=\"true\" class=\"fas fa-microphone-alt\"><\/i><\/div><h3 class=\"feature-three__title\">Club d\u2019art oratoire<\/h3><div class=\"feature-three__desc\">Pratique tes comp\u00e9tences de conversation dans un environnement d\u00e9tendu et interactif.<\/div><\/div><div class=\"feature-three__image\"><\/div><\/div><\/div><\/div>\t\t\t\t<\/div>\n\t\t\t\t<\/div>\n\t\t\t\t<\/div>\n\t\t<div class=\"elementor-element elementor-element-69dd9e10 e-con-full e-flex e-con e-child\" data-id=\"69dd9e10\" data-element_type=\"container\" data-e-type=\"container\">\n\t\t\t\t<div class=\"elementor-element elementor-element-4e6e486f elementor-widget elementor-widget-gva-features-block\" data-id=\"4e6e486f\" data-element_type=\"widget\" data-e-type=\"widget\" data-widget_type=\"gva-features-block.default\">\n\t\t\t\t<div class=\"elementor-widget-container\">\n\t\t\t\t\t<div class=\"gva-element-gva-features-block gva-element\">\r\n\r\n\r\n\r\n<div class=\"feature-three__single active\"><div class=\"feature-three__wrapper\"><div class=\"feature-three__content\"><div class=\"feature-three__icon\"><i aria-hidden=\"true\" class=\"far fa-comment-dots\"><\/i><\/div><h3 class=\"feature-three__title\">Club de conversation pour adultes<\/h3><div class=\"feature-three__desc\">Am\u00e9liore ta compr\u00e9hension orale gr\u00e2ce aux films en anglais et aux discussions.<\/div><\/div><div class=\"feature-three__image\"><\/div><\/div><\/div><\/div>\t\t\t\t<\/div>\n\t\t\t\t<\/div>\n\t\t\t\t<\/div>\n\t\t<div class=\"elementor-element elementor-element-3a1ffdf2 e-con-full e-flex e-con e-child\" data-id=\"3a1ffdf2\" data-element_type=\"container\" data-e-type=\"container\">\n\t\t\t\t<div class=\"elementor-element elementor-element-205e4702 elementor-widget elementor-widget-gva-features-block\" data-id=\"205e4702\" data-element_type=\"widget\" data-e-type=\"widget\" data-widget_type=\"gva-features-block.default\">\n\t\t\t\t<div class=\"elementor-widget-container\">\n\t\t\t\t\t<div class=\"gva-element-gva-features-block gva-element\">\r\n\r\n\r\n\r\n<div class=\"feature-three__single\"><div class=\"feature-three__wrapper\"><div class=\"feature-three__content\"><div class=\"feature-three__icon\"><i aria-hidden=\"true\" class=\"fas fa-music\"><\/i><\/div><h3 class=\"feature-three__title\">Club de musique pour enfants<\/h3><div class=\"feature-three__desc\">D\u00e9veloppe ton vocabulaire et ta compr\u00e9hension gr\u00e2ce \u00e0 des s\u00e9ances de lecture guid\u00e9e.<\/div><\/div><div class=\"feature-three__image\"><\/div><\/div><\/div><\/div>\t\t\t\t<\/div>\n\t\t\t\t<\/div>\n\t\t\t\t<\/div>\n\t\t\t\t\t<\/div>\n\t\t\t\t<\/div>\n\t\t<div class=\"elementor-element elementor-element-a8aa0e5 e-con-full e-flex e-con e-child\" data-id=\"a8aa0e5\" data-element_type=\"container\" data-e-type=\"container\">\n\t\t<div class=\"elementor-element elementor-element-48a6c45 e-con-full e-flex e-con e-child\" data-id=\"48a6c45\" data-element_type=\"container\" data-e-type=\"container\">\n\t\t\t\t<div class=\"elementor-element elementor-element-6194e57 elementor-widget elementor-widget-gva-features-block\" data-id=\"6194e57\" data-element_type=\"widget\" data-e-type=\"widget\" data-widget_type=\"gva-features-block.default\">\n\t\t\t\t<div class=\"elementor-widget-container\">\n\t\t\t\t\t<div class=\"gva-element-gva-features-block gva-element\">\r\n\r\n\r\n\r\n<div class=\"feature-three__single\"><div class=\"feature-three__wrapper\"><div class=\"feature-three__content\"><div class=\"feature-three__icon\"><i aria-hidden=\"true\" class=\" wicon-rating-1\"><\/i><\/div><h3 class=\"feature-three__title\">Club de conversation pour juniors<\/h3><div class=\"feature-three__desc\">Renforce ta confiance et ton esprit critique gr\u00e2ce \u00e0 des d\u00e9bats structur\u00e9s.<\/div><\/div><div class=\"feature-three__image\"><\/div><\/div><\/div><\/div>\t\t\t\t<\/div>\n\t\t\t\t<\/div>\n\t\t\t\t<\/div>\n\t\t<div class=\"elementor-element elementor-element-616e3a6 e-con-full e-flex e-con e-child\" data-id=\"616e3a6\" data-element_type=\"container\" data-e-type=\"container\">\n\t\t\t\t<div class=\"elementor-element elementor-element-4a955ec elementor-widget elementor-widget-gva-features-block\" data-id=\"4a955ec\" data-element_type=\"widget\" data-e-type=\"widget\" data-widget_type=\"gva-features-block.default\">\n\t\t\t\t<div class=\"elementor-widget-container\">\n\t\t\t\t\t<div class=\"gva-element-gva-features-block gva-element\">\r\n\r\n\r\n\r\n<div class=\"feature-three__single active\"><div class=\"feature-three__wrapper\"><div class=\"feature-three__content\"><div class=\"feature-three__icon\"><i aria-hidden=\"true\" class=\"fas fa-chess-knight\"><\/i><\/div><h3 class=\"feature-three__title\">Club d\u2019\u00e9checs<\/h3><div class=\"feature-three__desc\">Pratique la communication professionnelle en anglais dans des sc\u00e9narios du monde r\u00e9el.<\/div><\/div><div class=\"feature-three__image\"><\/div><\/div><\/div><\/div>\t\t\t\t<\/div>\n\t\t\t\t<\/div>\n\t\t\t\t<\/div>\n\t\t<div class=\"elementor-element elementor-element-c67f15c e-con-full e-flex e-con e-child\" data-id=\"c67f15c\" data-element_type=\"container\" data-e-type=\"container\">\n\t\t\t\t<div class=\"elementor-element elementor-element-1c7dc35 elementor-widget elementor-widget-gva-features-block\" data-id=\"1c7dc35\" data-element_type=\"widget\" data-e-type=\"widget\" data-widget_type=\"gva-features-block.default\">\n\t\t\t\t<div class=\"elementor-widget-container\">\n\t\t\t\t\t<div class=\"gva-element-gva-features-block gva-element\">\r\n\r\n\r\n\r\n<div class=\"feature-three__single\"><div class=\"feature-three__wrapper\"><div class=\"feature-three__content\"><div class=\"feature-three__icon\"><i aria-hidden=\"true\" class=\" wicon-open-book\"><\/i><\/div><h3 class=\"feature-three__title\">Aide suppl\u00e9mentaire <\/h3><div class=\"feature-three__desc\">Les clubs peuvent \u00eatre gratuits pour les \u00e9tudiants inscrits ou accessibles moyennant une petite participation aux frais.<\/div><\/div><div class=\"feature-three__image\"><\/div><\/div><\/div><\/div>\t\t\t\t<\/div>\n\t\t\t\t<\/div>\n\t\t\t\t<\/div>\n\t\t\t\t<\/div>\n\t\t\t\t\t<\/div>\n\t\t\t\t<\/div>\n\t\t<div class=\"elementor-element elementor-element-580fe746 e-flex e-con-boxed e-con e-parent\" data-id=\"580fe746\" data-element_type=\"container\" data-e-type=\"container\" data-settings=\"{&quot;background_background&quot;:&quot;classic&quot;}\">\n\t\t\t\t\t<div class=\"e-con-inner\">\n\t\t<div class=\"elementor-element elementor-element-7d819e4f e-con-full e-flex e-con e-child\" data-id=\"7d819e4f\" data-element_type=\"container\" data-e-type=\"container\">\n\t\t\t\t<div class=\"elementor-element elementor-element-5ffe603b elementor-widget elementor-widget-gva-heading-block\" data-id=\"5ffe603b\" data-element_type=\"widget\" data-e-type=\"widget\" data-widget_type=\"gva-heading-block.default\">\n\t\t\t\t<div class=\"elementor-widget-container\">\n\t\t\t\t\t<div class=\"gva-element-gva-heading-block gva-element\">   <div class=\"align-left style-2 widget gsc-heading box-align-left auto-responsive\">\r\n      <div class=\"content-inner\">\r\n         \r\n                  \r\n         <div class=\"sub-title sub-3\"><span class=\"tagline\">T\u00e9moignages<\/span><\/div>  \r\n         \r\n                     <h2 class=\"title\">\r\n               <span>Ce que disent nos \u00e9tudiants<\/span>\r\n            <\/h2>\r\n                  \r\n                     <div class=\"title-desc\">La r&eacute;ussite de nos &eacute;tudiants est notre plus grande fiert&eacute;. D&eacute;couvre ce que les apprenants et les parents disent de leur exp&eacute;rience &agrave; l&rsquo;ALC Agadir et comment nos programmes les ont aid&eacute;s &agrave; prendre confiance en eux, &agrave; am&eacute;liorer leurs comp&eacute;tences en anglais et &agrave; atteindre leurs objectifs acad&eacute;miques. <\/div>\r\n         \r\n         \r\n      <\/div>\r\n   <\/div>\r\n<\/div>\t\t\t\t<\/div>\n\t\t\t\t<\/div>\n\t\t\t\t<\/div>\n\t\t<div class=\"elementor-element elementor-element-628c1390 e-con-full e-flex e-con e-child\" data-id=\"628c1390\" data-element_type=\"container\" data-e-type=\"container\" data-settings=\"{&quot;background_background&quot;:&quot;classic&quot;}\">\n\t\t\t\t<div class=\"elementor-element elementor-element-4b3b6cfa elementor-widget elementor-widget-gva-testimonials\" data-id=\"4b3b6cfa\" data-element_type=\"widget\" data-e-type=\"widget\" data-widget_type=\"gva-testimonials.default\">\n\t\t\t\t<div class=\"elementor-widget-container\">\n\t\t\t\t\t<div class=\"gva-element-gva-testimonials gva-element\">\r\n<div class=\"gsc-testimonial layout-carousel swiper-slider-wrapper style-5 \">\r\n   <div class=\"swiper-content-inner\">\r\n      <div class=\"init-carousel-swiper swiper col-1\" data-carousel=\"{&quot;items&quot;:1,&quot;items_lg&quot;:1,&quot;items_md&quot;:1,&quot;items_sm&quot;:1,&quot;items_xs&quot;:1,&quot;items_xx&quot;:1,&quot;effect&quot;:&quot;slide&quot;,&quot;space_between&quot;:30,&quot;loop&quot;:1,&quot;speed&quot;:1200,&quot;autoplay&quot;:0,&quot;autoplay_delay&quot;:5000,&quot;autoplay_hover&quot;:1,&quot;navigation&quot;:0,&quot;pagination&quot;:1,&quot;dynamic_bullets&quot;:0,&quot;pagination_type&quot;:&quot;bullets&quot;}\">\r\n         <div class=\"swiper-wrapper\">\r\n                           <div class=\"swiper-slide\">\r\n                 <div class=\"testimonial-item style-5 elementor-repeater-item-69a863e\">\r\n   \r\n     \r\n\r\n     \r\n\r\n    \r\n    \r\n         <div class=\"testimonial-five__single\">\r\n         <div class=\"testimonial-five__content\">\r\n            <span class=\"testimonial-five__icon\"><i aria-hidden=\"true\" class=\" wicon-right-quote\"><\/i><\/span>\r\n            <div class=\"testimonial-five__meta\">\r\n                              <div class=\"testimonial-five__info\">\r\n                  <div class=\"testimonial-five__name\">Sara M.<\/div>\r\n                  <div class=\"testimonial-five__job\">\u00c9tudiante universitaire<\/div>\r\n               <\/div>\r\n            <\/div>\r\n            <div class=\"testimonial-five__quote\">\r\n               \u00ab L\u2019ALC Agadir m\u2019a aid\u00e9e \u00e0 am\u00e9liorer mon niveau d\u2019anglais de mani\u00e8re significative. Les professeurs sont encourageants, et les cours sont interactifs et stimulants. Je me sens beaucoup plus \u00e0 l\u2019aise pour parler anglais maintenant. \u00bb            <\/div>\r\n            <div class=\"testimonial-five__stars\">\r\n               <i class=\"fa fa-star\"><\/i>\r\n               <i class=\"fa fa-star\"><\/i>\r\n               <i class=\"fa fa-star\"><\/i>\r\n               <i class=\"fa fa-star\"><\/i>\r\n               <i class=\"fa fa-star\"><\/i>\r\n            <\/div>\r\n         <\/div>\r\n      <\/div>    \r\n    \r\n<\/div>\r\n\r\n               <\/div>\r\n                           <div class=\"swiper-slide\">\r\n                 <div class=\"testimonial-item style-5 elementor-repeater-item-f301f5c\">\r\n   \r\n     \r\n\r\n     \r\n\r\n    \r\n    \r\n         <div class=\"testimonial-five__single\">\r\n         <div class=\"testimonial-five__content\">\r\n            <span class=\"testimonial-five__icon\"><i aria-hidden=\"true\" class=\" wicon-right-quote\"><\/i><\/span>\r\n            <div class=\"testimonial-five__meta\">\r\n                              <div class=\"testimonial-five__info\">\r\n                  <div class=\"testimonial-five__name\">Youssef A. <\/div>\r\n                  <div class=\"testimonial-five__job\"> Candidat \u00e0 l\u2019IELTS<\/div>\r\n               <\/div>\r\n            <\/div>\r\n            <div class=\"testimonial-five__quote\">\r\n               \u00ab J\u2019ai suivi le cours de pr\u00e9paration \u00e0 l\u2019IELTS, et ce fut une excellente exp\u00e9rience. Les strat\u00e9gies et les examens blancs m\u2019ont vraiment aid\u00e9 \u00e0 comprendre le format du test. J\u2019ai obtenu le score dont j\u2019avais besoin gr\u00e2ce \u00e0 l\u2019ALC Agadir. \u00bb            <\/div>\r\n            <div class=\"testimonial-five__stars\">\r\n               <i class=\"fa fa-star\"><\/i>\r\n               <i class=\"fa fa-star\"><\/i>\r\n               <i class=\"fa fa-star\"><\/i>\r\n               <i class=\"fa fa-star\"><\/i>\r\n               <i class=\"fa fa-star\"><\/i>\r\n            <\/div>\r\n         <\/div>\r\n      <\/div>    \r\n    \r\n<\/div>\r\n\r\n               <\/div>\r\n                           <div class=\"swiper-slide\">\r\n                 <div class=\"testimonial-item style-5 elementor-repeater-item-ff81833\">\r\n   \r\n     \r\n\r\n     \r\n\r\n    \r\n    \r\n         <div class=\"testimonial-five__single\">\r\n         <div class=\"testimonial-five__content\">\r\n            <span class=\"testimonial-five__icon\"><i aria-hidden=\"true\" class=\" wicon-right-quote\"><\/i><\/span>\r\n            <div class=\"testimonial-five__meta\">\r\n                              <div class=\"testimonial-five__info\">\r\n                  <div class=\"testimonial-five__name\">Imane R.<\/div>\r\n                  <div class=\"testimonial-five__job\">Parent<\/div>\r\n               <\/div>\r\n            <\/div>\r\n            <div class=\"testimonial-five__quote\">\r\n               \u00ab Mon enfant adore assister aux cours \u00e0 l\u2019ALC Agadir. Les professeurs rendent l\u2019apprentissage amusant et motivant. J\u2019ai constat\u00e9 de grands progr\u00e8s, tant au niveau du vocabulaire que de la prononciation. \u00bb            <\/div>\r\n            <div class=\"testimonial-five__stars\">\r\n               <i class=\"fa fa-star\"><\/i>\r\n               <i class=\"fa fa-star\"><\/i>\r\n               <i class=\"fa fa-star\"><\/i>\r\n               <i class=\"fa fa-star\"><\/i>\r\n               <i class=\"fa fa-star\"><\/i>\r\n            <\/div>\r\n         <\/div>\r\n      <\/div>    \r\n    \r\n<\/div>\r\n\r\n               <\/div>\r\n                     <\/div>\r\n      <\/div>\r\n   <\/div>   \r\n   <div class=\"swiper-pagination\"><\/div>   <\/div>\r\n<\/div>\t\t\t\t<\/div>\n\t\t\t\t<\/div>\n\t\t\t\t<\/div>\n\t\t\t\t\t<\/div>\n\t\t\t\t<\/div>\n\t\t\t\t<\/div>\n\t\t","protected":false},"excerpt":{"rendered":"<p>Clubs Clubs d\u2019anglais &Agrave; l&rsquo;American Center Agadir, l&rsquo;apprentissage va au-del&agrave; de la salle de classe. Nos clubs offrent aux &eacute;tudiants des occasions de pratiquer l&rsquo;anglais dans des situations r&eacute;elles. Club [&hellip;]<\/p>\n","protected":false},"author":1,"featured_media":0,"parent":0,"menu_order":0,"comment_status":"closed","ping_status":"closed","template":"","meta":{"footnotes":""},"class_list":["post-1478","page","type-page","status-publish","hentry"],"_links":{"self":[{"href":"https:\/\/alcagadir.org\/fr\/wp-json\/wp\/v2\/pages\/1478","targetHints":{"allow":["GET"]}}],"collection":[{"href":"https:\/\/alcagadir.org\/fr\/wp-json\/wp\/v2\/pages"}],"about":[{"href":"https:\/\/alcagadir.org\/fr\/wp-json\/wp\/v2\/types\/page"}],"author":[{"embeddable":true,"href":"https:\/\/alcagadir.org\/fr\/wp-json\/wp\/v2\/users\/1"}],"replies":[{"embeddable":true,"href":"https:\/\/alcagadir.org\/fr\/wp-json\/wp\/v2\/comments?post=1478"}],"version-history":[{"count":1,"href":"https:\/\/alcagadir.org\/fr\/wp-json\/wp\/v2\/pages\/1478\/revisions"}],"predecessor-version":[{"id":1480,"href":"https:\/\/alcagadir.org\/fr\/wp-json\/wp\/v2\/pages\/1478\/revisions\/1480"}],"wp:attachment":[{"href":"https:\/\/alcagadir.org\/fr\/wp-json\/wp\/v2\/media?parent=1478"}],"curies":[{"name":"wp","href":"https:\/\/api.w.org\/{rel}","templated":true}]}}