{"id":1460,"date":"2024-05-24T02:16:07","date_gmt":"2024-05-24T02:16:07","guid":{"rendered":"https:\/\/alcagadir.org\/enseignants-et-personnel-administratif\/"},"modified":"2026-04-11T08:49:40","modified_gmt":"2026-04-11T08:49:40","slug":"enseignants-et-personnel-administratif","status":"publish","type":"page","link":"https:\/\/alcagadir.org\/fr\/enseignants-et-personnel-administratif\/","title":{"rendered":"Enseignants et personnel administratif"},"content":{"rendered":"\t\t<div data-elementor-type=\"wp-page\" data-elementor-id=\"1460\" class=\"elementor elementor-1460 elementor-717\">\n\t\t\t\t<div class=\"elementor-element elementor-element-4ba7843 e-flex e-con-boxed e-con e-parent\" data-id=\"4ba7843\" data-element_type=\"container\" data-e-type=\"container\" data-settings=\"{&quot;background_background&quot;:&quot;classic&quot;}\">\n\t\t\t\t\t<div class=\"e-con-inner\">\n\t\t<div class=\"elementor-element elementor-element-c5dc784 e-con-full e-flex e-con e-child\" data-id=\"c5dc784\" data-element_type=\"container\" data-e-type=\"container\">\n\t\t\t\t<div class=\"elementor-element elementor-element-22309d5 elementor-widget elementor-widget-gva-heading-block\" data-id=\"22309d5\" data-element_type=\"widget\" data-e-type=\"widget\" data-widget_type=\"gva-heading-block.default\">\n\t\t\t\t<div class=\"elementor-widget-container\">\n\t\t\t\t\t<div class=\"gva-element-gva-heading-block gva-element\">   <div class=\"align-left style-1 widget gsc-heading box-align-left auto-responsive\">\r\n      <div class=\"content-inner\">\r\n         \r\n                  \r\n           \r\n         \r\n                     <h2 class=\"title\">\r\n               <span>Enseignants et personnel administratif<\/span>\r\n            <\/h2>\r\n                  \r\n                     <div class=\"title-desc\">&Agrave; l&#039;ALC Agadir, nous offrons une formation en anglais de haute qualit&eacute; dans un environnement d&#039;apprentissage dynamique et bienveillant.<\/div>\r\n         \r\n         \r\n      <\/div>\r\n   <\/div>\r\n<\/div>\t\t\t\t<\/div>\n\t\t\t\t<\/div>\n\t\t\t\t<\/div>\n\t\t\t\t\t<\/div>\n\t\t\t\t<\/div>\n\t\t<div class=\"elementor-element elementor-element-b7bed92 e-flex e-con-boxed e-con e-parent\" data-id=\"b7bed92\" data-element_type=\"container\" data-e-type=\"container\">\n\t\t\t\t\t<div class=\"e-con-inner\">\n\t\t<div class=\"elementor-element elementor-element-120c767 e-con-full e-flex e-con e-child\" data-id=\"120c767\" data-element_type=\"container\" data-e-type=\"container\">\n\t\t<div class=\"elementor-element elementor-element-c9022cd mr-0 e-con-full e-flex e-con e-child\" data-id=\"c9022cd\" data-element_type=\"container\" data-e-type=\"container\">\n\t\t\t\t<div class=\"elementor-element elementor-element-c6c1063 elementor-widget elementor-widget-gva-heading-block\" data-id=\"c6c1063\" data-element_type=\"widget\" data-e-type=\"widget\" data-widget_type=\"gva-heading-block.default\">\n\t\t\t\t<div class=\"elementor-widget-container\">\n\t\t\t\t\t<div class=\"gva-element-gva-heading-block gva-element\">   <div class=\"align-left style-1 widget gsc-heading box-align-left auto-responsive\">\r\n      <div class=\"content-inner\">\r\n         \r\n                  \r\n           \r\n         \r\n                     <h2 class=\"title\">\r\n               <span>Nos enseignants <\/span>\r\n            <\/h2>\r\n                  \r\n                     <div class=\"title-desc\">Nos enseignants sont des professionnels hautement qualifi&eacute;s d&eacute;vou&eacute;s &agrave; la r&eacute;ussite des &eacute;tudiants.<br \/>\nChaque enseignant apporte :<\/div>\r\n         \r\n         \r\n      <\/div>\r\n   <\/div>\r\n<\/div>\t\t\t\t<\/div>\n\t\t\t\t<\/div>\n\t\t\t\t<div class=\"elementor-element elementor-element-91ada13 elementor-position-inline-start elementor-mobile-position-inline-start elementor-view-default elementor-widget elementor-widget-icon-box\" data-id=\"91ada13\" data-element_type=\"widget\" data-e-type=\"widget\" data-widget_type=\"icon-box.default\">\n\t\t\t\t\t\t\t<div class=\"elementor-icon-box-wrapper\">\n\n\t\t\t\t\t\t<div class=\"elementor-icon-box-icon\">\n\t\t\t\t<span  class=\"elementor-icon\">\n\t\t\t\t<i aria-hidden=\"true\" class=\" wicon-human-resources\"><\/i>\t\t\t\t<\/span>\n\t\t\t<\/div>\n\t\t\t\n\t\t\t\t\t\t<div class=\"elementor-icon-box-content\">\n\n\t\t\t\t\n\t\t\t\t\t\t\t\t\t<p class=\"elementor-icon-box-description\">\n\t\t\t\t\t\tNos instructeurs se sp\u00e9cialisent dans l'anglais g\u00e9n\u00e9ral, la pr\u00e9paration aux examens, l'enseignement aux enfants et l'anglais des affaires. \t\t\t\t\t<\/p>\n\t\t\t\t\n\t\t\t<\/div>\n\t\t\t\n\t\t<\/div>\n\t\t\t\t\t\t<\/div>\n\t\t\t\t<div class=\"elementor-element elementor-element-302360c elementor-icon-list--layout-traditional elementor-list-item-link-full_width elementor-widget elementor-widget-icon-list\" data-id=\"302360c\" data-element_type=\"widget\" data-e-type=\"widget\" data-widget_type=\"icon-list.default\">\n\t\t\t\t\t\t\t<ul class=\"elementor-icon-list-items\">\n\t\t\t\t\t\t\t<li class=\"elementor-icon-list-item\">\n\t\t\t\t\t\t\t\t\t\t\t<span class=\"elementor-icon-list-icon\">\n\t\t\t\t\t\t\t<i aria-hidden=\"true\" class=\"fas fa-check\"><\/i>\t\t\t\t\t\t<\/span>\n\t\t\t\t\t\t\t\t\t\t<span class=\"elementor-icon-list-text\">Solide formation acad\u00e9mique<\/span>\n\t\t\t\t\t\t\t\t\t<\/li>\n\t\t\t\t\t\t\t\t<li class=\"elementor-icon-list-item\">\n\t\t\t\t\t\t\t\t\t\t\t<span class=\"elementor-icon-list-icon\">\n\t\t\t\t\t\t\t<i aria-hidden=\"true\" class=\"fas fa-check\"><\/i>\t\t\t\t\t\t<\/span>\n\t\t\t\t\t\t\t\t\t\t<span class=\"elementor-icon-list-text\">Exp\u00e9rience d'enseignement internationale<\/span>\n\t\t\t\t\t\t\t\t\t<\/li>\n\t\t\t\t\t\t\t\t<li class=\"elementor-icon-list-item\">\n\t\t\t\t\t\t\t\t\t\t\t<span class=\"elementor-icon-list-icon\">\n\t\t\t\t\t\t\t<i aria-hidden=\"true\" class=\"fas fa-check\"><\/i>\t\t\t\t\t\t<\/span>\n\t\t\t\t\t\t\t\t\t\t<span class=\"elementor-icon-list-text\">M\u00e9thodologie d'enseignement moderne<\/span>\n\t\t\t\t\t\t\t\t\t<\/li>\n\t\t\t\t\t\t\t\t<li class=\"elementor-icon-list-item\">\n\t\t\t\t\t\t\t\t\t\t\t<span class=\"elementor-icon-list-icon\">\n\t\t\t\t\t\t\t<i aria-hidden=\"true\" class=\"fas fa-check\"><\/i>\t\t\t\t\t\t<\/span>\n\t\t\t\t\t\t\t\t\t\t<span class=\"elementor-icon-list-text\">Passion pour l'\u00e9ducation<\/span>\n\t\t\t\t\t\t\t\t\t<\/li>\n\t\t\t\t\t\t<\/ul>\n\t\t\t\t\t\t<\/div>\n\t\t\t\t<\/div>\n\t\t\t\t<\/div>\n\t\t<div class=\"elementor-element elementor-element-78e802e e-con-full e-flex e-con e-child\" data-id=\"78e802e\" data-element_type=\"container\" data-e-type=\"container\">\n\t\t\t\t<div class=\"elementor-element elementor-element-659dc68 elementor-widget elementor-widget-video\" data-id=\"659dc68\" data-element_type=\"widget\" data-e-type=\"widget\" data-settings=\"{&quot;video_type&quot;:&quot;hosted&quot;,&quot;start&quot;:2,&quot;autoplay&quot;:&quot;yes&quot;,&quot;play_on_mobile&quot;:&quot;yes&quot;,&quot;mute&quot;:&quot;yes&quot;,&quot;loop&quot;:&quot;yes&quot;}\" data-widget_type=\"video.default\">\n\t\t\t\t\t\t\t<div class=\"e-hosted-video elementor-wrapper elementor-open-inline\">\n\t\t\t\t\t<video class=\"elementor-video\" src=\"http:\/\/alcagadir.org\/wp-content\/uploads\/2026\/03\/\ud83c\udf93\ud83c\uddfa\ud83c\uddf8-Bringing-U.S.-universities-closer-to-our-studentsALCAgadir-USUniversities-StudyAbroad.mp4#t=2\" autoplay=\"\" loop=\"\" muted=\"muted\" playsinline=\"\" controlsList=\"nodownload\"><\/video>\n\t\t\t\t<\/div>\n\t\t\t\t\t\t<\/div>\n\t\t\t\t<\/div>\n\t\t\t\t\t<\/div>\n\t\t\t\t<\/div>\n\t\t<div class=\"elementor-element elementor-element-f187ca1 e-flex e-con-boxed e-con e-parent\" data-id=\"f187ca1\" data-element_type=\"container\" data-e-type=\"container\">\n\t\t\t\t\t<div class=\"e-con-inner\">\n\t\t<div class=\"elementor-element elementor-element-7b1f21d e-con-full e-flex e-con e-child\" data-id=\"7b1f21d\" data-element_type=\"container\" data-e-type=\"container\">\n\t\t\t\t<div class=\"elementor-element elementor-element-e5eca40 elementor-widget elementor-widget-gva-heading-block\" data-id=\"e5eca40\" data-element_type=\"widget\" data-e-type=\"widget\" data-widget_type=\"gva-heading-block.default\">\n\t\t\t\t<div class=\"elementor-widget-container\">\n\t\t\t\t\t<div class=\"gva-element-gva-heading-block gva-element\">   <div class=\"align-center style-1 widget gsc-heading box-align-left auto-responsive\">\r\n      <div class=\"content-inner\">\r\n         \r\n                  \r\n         <div class=\"sub-title sub-3\"><span class=\"tagline\">Comp\u00e9tents et qualifi\u00e9s<\/span><\/div>  \r\n         \r\n                     <h2 class=\"title\">\r\n               <span>Rencontre les enseignants<\/span>\r\n            <\/h2>\r\n                  \r\n         \r\n         \r\n      <\/div>\r\n   <\/div>\r\n<\/div>\t\t\t\t<\/div>\n\t\t\t\t<\/div>\n\t\t\t\t<div class=\"elementor-element elementor-element-52bcf3a elementor-widget elementor-widget-gva-team\" data-id=\"52bcf3a\" data-element_type=\"widget\" data-e-type=\"widget\" data-widget_type=\"gva-team.default\">\n\t\t\t\t<div class=\"elementor-widget-container\">\n\t\t\t\t\t<div class=\"gva-element-gva-team gva-element\">\r\n<div class=\"swiper-slider-wrapper gsc-team layout-carousel \">\r\n   <div class=\"swiper-content-inner\">   \r\n      <div class=\"init-carousel-swiper swiper\" data-carousel=\"{&quot;items&quot;:3,&quot;items_lg&quot;:3,&quot;items_md&quot;:3,&quot;items_sm&quot;:2,&quot;items_xs&quot;:1,&quot;items_xx&quot;:1,&quot;effect&quot;:&quot;slide&quot;,&quot;space_between&quot;:30,&quot;loop&quot;:1,&quot;speed&quot;:1200,&quot;autoplay&quot;:1,&quot;autoplay_delay&quot;:5000,&quot;autoplay_hover&quot;:1,&quot;navigation&quot;:1,&quot;pagination&quot;:0,&quot;dynamic_bullets&quot;:0,&quot;pagination_type&quot;:&quot;bullets&quot;}\">\r\n         <div class=\"swiper-wrapper\">\r\n                           <div class=\"swiper-slide\">\r\n                  \r\n\t<div class=\"team-one__single\">\r\n\t\t<div class=\"team-one__wrap\">\r\n\t\t\t\t\t\t\t\t\t\t<div class=\"team-one__image\">\r\n\t\t\t\t\t<div class=\"team-one__image-inner\">\r\n\t\t\t\t\t\t<img decoding=\"async\" src=\"https:\/\/plum-eel-676264.hostingersite.com\/wp-content\/plugins\/wellearn-themer\/elementor\/assets\/images\/team-1.jpg\" alt=\"Jessica Brown\" \/>  \r\n\t\t\t\t\t<\/div>\r\n\t\t\t\t<\/div>\r\n\t\t\t  \r\n\t\t\t<div class=\"team-one__content\">\r\n\t\t\t\t<div class=\"team-one__meta\">\r\n\t\t\t\t\t\t\t\t\t\t\t<h3 class=\"team-one__name\">\r\n\t\t\t\t\t\t\tJessica Brown   \r\n\t\t\t\t\t\t<\/h3>\r\n\t\t\t\t\t\r\n\t\t\t\t\t\t\t\t\t\t\t<div class=\"team-one__job\">Consultante<\/div>\r\n\t\t\t\t\t\t\t\t\t<\/div>\r\n\t\t\t\t<div class=\"team-one__socials\">\r\n\t\t\t\t\t\t\t\t\t\t\t\t\t\t\t\t\t\t\t\t\t\t\t\t<\/div>  \r\n\t\t\t<\/div>\r\n\t\t<\/div>\r\n\t<\/div>\r\n\t\t\t\r\n\r\n               <\/div>\r\n                     <\/div> \r\n      <\/div>\r\n   <\/div>   \r\n   <div class=\"swiper-pagination\"><\/div>   <div class=\"swiper-nav-next\"><\/div><div class=\"swiper-nav-prev\"><\/div><\/div>\r\n<\/div>\t\t\t\t<\/div>\n\t\t\t\t<\/div>\n\t\t\t\t<\/div>\n\t\t\t\t\t<\/div>\n\t\t\t\t<\/div>\n\t\t<div class=\"elementor-element elementor-element-47ed4bd e-flex e-con-boxed e-con e-parent\" data-id=\"47ed4bd\" data-element_type=\"container\" data-e-type=\"container\">\n\t\t\t\t\t<div class=\"e-con-inner\">\n\t\t<div class=\"elementor-element elementor-element-6b6f3d4 e-con-full e-flex e-con e-child\" data-id=\"6b6f3d4\" data-element_type=\"container\" data-e-type=\"container\">\n\t\t\t\t<\/div>\n\t\t<div class=\"elementor-element elementor-element-6688f3a e-con-full e-flex e-con e-child\" data-id=\"6688f3a\" data-element_type=\"container\" data-e-type=\"container\">\n\t\t<div class=\"elementor-element elementor-element-8c015fc e-con-full e-flex e-con e-child\" data-id=\"8c015fc\" data-element_type=\"container\" data-e-type=\"container\">\n\t\t\t\t<div class=\"elementor-element elementor-element-0476afa elementor-widget elementor-widget-gva-image-content\" data-id=\"0476afa\" data-element_type=\"widget\" data-e-type=\"widget\" data-widget_type=\"gva-image-content.default\">\n\t\t\t\t<div class=\"elementor-widget-container\">\n\t\t\t\t\t<div class=\"gva-element-gva-image-content gva-element\">\t\t\r\n\t  \r\n\t \r\n\r\n\t \r\n\r\n\t\t\t<div class=\"about-three__single\">\r\n\t\t  \t<div class=\"about-three__image\"><div class=\"content-inner\"><img decoding=\"async\" src=\"http:\/\/alcagadir.org\/wp-content\/uploads\/2026\/03\/Highlights-from-our-presentation-at-the-Faculty-of-Letters-and-Human-Sciences.-Exploring-how-Eng-1.jpg\" alt=\"\" \/><\/div><\/div><div class=\"about-three__image-second\"><div class=\"content-inner\"><img decoding=\"async\" src=\"http:\/\/alcagadir.org\/wp-content\/uploads\/2026\/03\/Highlights-from-our-presentation-at-the-Faculty-of-Letters-and-Human-Sciences.-Exploring-how-Eng.jpg\" alt=\"\" \/><\/div><\/div>\t\t<\/div>\r\n\t\r\n\t \r\n  \r\n \r\n\r\n  \r\n \r\n\r\n \r\n\t<\/div>\t\t\t\t<\/div>\n\t\t\t\t<\/div>\n\t\t\t\t<\/div>\n\t\t<div class=\"elementor-element elementor-element-c81192d e-con-full e-flex e-con e-child\" data-id=\"c81192d\" data-element_type=\"container\" data-e-type=\"container\">\n\t\t<div class=\"elementor-element elementor-element-39c2ac2 mr-0 e-con-full e-flex e-con e-child\" data-id=\"39c2ac2\" data-element_type=\"container\" data-e-type=\"container\">\n\t\t\t\t<div class=\"elementor-element elementor-element-d171813 elementor-widget elementor-widget-gva-heading-block\" data-id=\"d171813\" data-element_type=\"widget\" data-e-type=\"widget\" data-widget_type=\"gva-heading-block.default\">\n\t\t\t\t<div class=\"elementor-widget-container\">\n\t\t\t\t\t<div class=\"gva-element-gva-heading-block gva-element\">   <div class=\"align-left style-1 widget gsc-heading box-align-left auto-responsive\">\r\n      <div class=\"content-inner\">\r\n         \r\n                  \r\n           \r\n         \r\n                     <h2 class=\"title\">\r\n               <span>\u00c9quipe administrative <\/span>\r\n            <\/h2>\r\n                  \r\n                     <div class=\"title-desc\">Notre &eacute;quipe administrative assure une organisation fluide et un soutien aux &eacute;tudiants.<\/div>\r\n         \r\n         \r\n      <\/div>\r\n   <\/div>\r\n<\/div>\t\t\t\t<\/div>\n\t\t\t\t<\/div>\n\t\t\t\t<div class=\"elementor-element elementor-element-ff80527 elementor-position-inline-start elementor-mobile-position-inline-start elementor-view-default elementor-widget elementor-widget-icon-box\" data-id=\"ff80527\" data-element_type=\"widget\" data-e-type=\"widget\" data-widget_type=\"icon-box.default\">\n\t\t\t\t\t\t\t<div class=\"elementor-icon-box-wrapper\">\n\n\t\t\t\t\t\t<div class=\"elementor-icon-box-icon\">\n\t\t\t\t<span  class=\"elementor-icon\">\n\t\t\t\t<i aria-hidden=\"true\" class=\" wicon-motivation\"><\/i>\t\t\t\t<\/span>\n\t\t\t<\/div>\n\t\t\t\n\t\t\t\t\t\t<div class=\"elementor-icon-box-content\">\n\n\t\t\t\t\n\t\t\t\t\t\t\t\t\t<p class=\"elementor-icon-box-description\">\n\t\t\t\t\t\tNous nous engageons \u00e0 offrir une exp\u00e9rience accueillante et professionnelle \u00e0 tous les \u00e9tudiants.\t\t\t\t\t<\/p>\n\t\t\t\t\n\t\t\t<\/div>\n\t\t\t\n\t\t<\/div>\n\t\t\t\t\t\t<\/div>\n\t\t\t\t<div class=\"elementor-element elementor-element-70b8479 elementor-icon-list--layout-traditional elementor-list-item-link-full_width elementor-widget elementor-widget-icon-list\" data-id=\"70b8479\" data-element_type=\"widget\" data-e-type=\"widget\" data-widget_type=\"icon-list.default\">\n\t\t\t\t\t\t\t<ul class=\"elementor-icon-list-items\">\n\t\t\t\t\t\t\t<li class=\"elementor-icon-list-item\">\n\t\t\t\t\t\t\t\t\t\t\t<span class=\"elementor-icon-list-icon\">\n\t\t\t\t\t\t\t<i aria-hidden=\"true\" class=\"fas fa-check\"><\/i>\t\t\t\t\t\t<\/span>\n\t\t\t\t\t\t\t\t\t\t<span class=\"elementor-icon-list-text\">Directeur du centre<\/span>\n\t\t\t\t\t\t\t\t\t<\/li>\n\t\t\t\t\t\t\t\t<li class=\"elementor-icon-list-item\">\n\t\t\t\t\t\t\t\t\t\t\t<span class=\"elementor-icon-list-icon\">\n\t\t\t\t\t\t\t<i aria-hidden=\"true\" class=\"fas fa-check\"><\/i>\t\t\t\t\t\t<\/span>\n\t\t\t\t\t\t\t\t\t\t<span class=\"elementor-icon-list-text\">Coordinateur acad\u00e9mique<\/span>\n\t\t\t\t\t\t\t\t\t<\/li>\n\t\t\t\t\t\t\t\t<li class=\"elementor-icon-list-item\">\n\t\t\t\t\t\t\t\t\t\t\t<span class=\"elementor-icon-list-icon\">\n\t\t\t\t\t\t\t<i aria-hidden=\"true\" class=\"fas fa-check\"><\/i>\t\t\t\t\t\t<\/span>\n\t\t\t\t\t\t\t\t\t\t<span class=\"elementor-icon-list-text\">Affaires \u00e9tudiantes et accueil<\/span>\n\t\t\t\t\t\t\t\t\t<\/li>\n\t\t\t\t\t\t<\/ul>\n\t\t\t\t\t\t<\/div>\n\t\t\t\t<\/div>\n\t\t\t\t<\/div>\n\t\t\t\t<\/div>\n\t\t\t\t\t<\/div>\n\t\t\t\t<\/div>\n\t\t<div class=\"elementor-element elementor-element-9b49c4c e-flex e-con-boxed e-con e-parent\" data-id=\"9b49c4c\" data-element_type=\"container\" data-e-type=\"container\">\n\t\t\t\t\t<div class=\"e-con-inner\">\n\t\t<div class=\"elementor-element elementor-element-985ee71 e-con-full e-flex e-con e-child\" data-id=\"985ee71\" data-element_type=\"container\" data-e-type=\"container\">\n\t\t\t\t<div class=\"elementor-element elementor-element-65b6ae9 elementor-widget elementor-widget-gva-features-block\" data-id=\"65b6ae9\" data-element_type=\"widget\" data-e-type=\"widget\" data-widget_type=\"gva-features-block.default\">\n\t\t\t\t<div class=\"elementor-widget-container\">\n\t\t\t\t\t<div class=\"gva-element-gva-features-block gva-element\">\r\n\r\n\r\n\r\n<div class=\"feature-four__single\"><div class=\"feature-four__wrapper\"><div class=\"feature-four__image\"><img decoding=\"async\" src=\"https:\/\/alcagadir.org\/wp-content\/uploads\/2024\/06\/image-05.png\" title=\"image-05\" alt=\"image-05\" loading=\"lazy\" \/><\/div><div class=\"feature-four__content\"><h3 class=\"feature-four__title\">Commence ton parcours en anglais<\/h3><div class=\"feature-four__desc\">Am\u00e9liore ton anglais avec des enseignants qualifi\u00e9s dans un environnement d'apprentissage bienveillant et interactif \u00e0 l'ALC Agadir.<\/div><div class=\"feature-four__action\"><a class=\"btn-white\" href=\"https:\/\/plum-eel-676264.hostingersite.com\/contact\/\"><span>\u00c9tudie avec nous<\/span><\/a><\/div><\/div><\/div><\/div><\/div>\t\t\t\t<\/div>\n\t\t\t\t<\/div>\n\t\t\t\t<\/div>\n\t\t<div class=\"elementor-element elementor-element-eb1133d e-con-full e-flex e-con e-child\" data-id=\"eb1133d\" data-element_type=\"container\" data-e-type=\"container\">\n\t\t\t\t<div class=\"elementor-element elementor-element-a78e5d2 elementor-widget elementor-widget-gva-features-block\" data-id=\"a78e5d2\" data-element_type=\"widget\" data-e-type=\"widget\" data-widget_type=\"gva-features-block.default\">\n\t\t\t\t<div class=\"elementor-widget-container\">\n\t\t\t\t\t<div class=\"gva-element-gva-features-block gva-element\">\r\n\r\n\r\n\r\n<div class=\"feature-four__single\"><div class=\"feature-four__wrapper\"><div class=\"feature-four__image\"><img decoding=\"async\" src=\"https:\/\/alcagadir.org\/wp-content\/uploads\/2024\/06\/image-06.png\" title=\"image-06\" alt=\"image-06\" loading=\"lazy\" \/><\/div><div class=\"feature-four__content\"><h3 class=\"feature-four__title\">D\u00e9couvre nos programmes d'anglais<\/h3><div class=\"feature-four__desc\">D\u00e9couvre des cours pour adultes, juniors et pr\u00e9paration aux examens con\u00e7us pour t'aider \u00e0 atteindre tes objectifs linguistiques.<\/div><div class=\"feature-four__action\"><a class=\"btn-theme\" href=\"https:\/\/plum-eel-676264.hostingersite.com\/programs\/\"><span>Voir les programmes <\/span><\/a><\/div><\/div><\/div><\/div><\/div>\t\t\t\t<\/div>\n\t\t\t\t<\/div>\n\t\t\t\t<\/div>\n\t\t\t\t\t<\/div>\n\t\t\t\t<\/div>\n\t\t\t\t<\/div>\n\t\t","protected":false},"excerpt":{"rendered":"<p>Enseignants et personnel administratif &Agrave; l&#039;ALC Agadir, nous offrons une formation en anglais de haute qualit&eacute; dans un environnement d&#039;apprentissage dynamique et bienveillant. Nos enseignants Nos enseignants sont des professionnels [&hellip;]<\/p>\n","protected":false},"author":1,"featured_media":0,"parent":0,"menu_order":0,"comment_status":"closed","ping_status":"closed","template":"","meta":{"footnotes":""},"class_list":["post-1460","page","type-page","status-publish","hentry"],"_links":{"self":[{"href":"https:\/\/alcagadir.org\/fr\/wp-json\/wp\/v2\/pages\/1460","targetHints":{"allow":["GET"]}}],"collection":[{"href":"https:\/\/alcagadir.org\/fr\/wp-json\/wp\/v2\/pages"}],"about":[{"href":"https:\/\/alcagadir.org\/fr\/wp-json\/wp\/v2\/types\/page"}],"author":[{"embeddable":true,"href":"https:\/\/alcagadir.org\/fr\/wp-json\/wp\/v2\/users\/1"}],"replies":[{"embeddable":true,"href":"https:\/\/alcagadir.org\/fr\/wp-json\/wp\/v2\/comments?post=1460"}],"version-history":[{"count":1,"href":"https:\/\/alcagadir.org\/fr\/wp-json\/wp\/v2\/pages\/1460\/revisions"}],"predecessor-version":[{"id":1468,"href":"https:\/\/alcagadir.org\/fr\/wp-json\/wp\/v2\/pages\/1460\/revisions\/1468"}],"wp:attachment":[{"href":"https:\/\/alcagadir.org\/fr\/wp-json\/wp\/v2\/media?parent=1460"}],"curies":[{"name":"wp","href":"https:\/\/api.w.org\/{rel}","templated":true}]}}